{"id":60,"date":"2019-11-13T11:24:50","date_gmt":"2019-11-13T10:24:50","guid":{"rendered":"http:\/\/marielaurefabre.ovh\/?page_id=60"},"modified":"2020-02-11T10:45:36","modified_gmt":"2020-02-11T09:45:36","slug":"portofolio","status":"publish","type":"page","link":"https:\/\/marielaurefabre.ovh\/index.php\/portofolio\/","title":{"rendered":"Portofolio"},"content":{"rendered":"\n<div class=\"wp-container-2 wp-block-group\"><div class=\"wp-block-group__inner-container\">\n<div class=\"wp-container-1 wp-block-group\"><div class=\"wp-block-group__inner-container\">\n<div class=\"wp-block-media-text alignwide has-media-on-the-right\" style=\"grid-template-columns:auto 25%\"><figure class=\"wp-block-media-text__media\"><img loading=\"lazy\" width=\"1024\" height=\"477\" src=\"https:\/\/marielaurefabre.ovh\/wp-content\/uploads\/2019\/11\/Sdb-0-1024x477.jpg\" alt=\"\" class=\"wp-image-39\" srcset=\"https:\/\/marielaurefabre.ovh\/wp-content\/uploads\/2019\/11\/Sdb-0-1024x477.jpg 1024w, https:\/\/marielaurefabre.ovh\/wp-content\/uploads\/2019\/11\/Sdb-0-300x140.jpg 300w, https:\/\/marielaurefabre.ovh\/wp-content\/uploads\/2019\/11\/Sdb-0-768x357.jpg 768w, https:\/\/marielaurefabre.ovh\/wp-content\/uploads\/2019\/11\/Sdb-0.jpg 1646w\" sizes=\"(max-width: 1024px) 100vw, 1024px\" \/><\/figure><div class=\"wp-block-media-text__content\"><a id=\"69d82fe14cd4e\" rel=\"wp-video-lightbox\" href=\"https:\/\/www.youtube.com\/watch?v=mJ2s3SXgNCw&#038;width=640&#038;height=480\" title=\"\"><div class=\"wpvl_auto_thumb_box_wrapper\"><div class=\"wpvl_auto_thumb_box\"><img src=\"https:\/\/img.youtube.com\/vi\/mJ2s3SXgNCw\/0.jpg\" class=\"video_lightbox_auto_anchor_image\" alt=\"\" \/><div class=\"wpvl_auto_thumb_play\"><img src=\"https:\/\/marielaurefabre.ovh\/wp-content\/plugins\/wp-video-lightbox\/images\/play.png\" class=\"wpvl_playbutton\" \/><\/div><\/div><\/div><\/a>    <script>\r\n    \/* <![CDATA[ *\/\r\n    jQuery(document).ready(function($){\r\n        $(function(){\r\n            var width = $(window).innerWidth();\r\n            var setwidth = parseFloat(640);\r\n            var ratio = parseFloat(0.75);\r\n            var height = parseFloat(480);\r\n            var link = 'https:\/\/www.youtube.com\/watch?v=mJ2s3SXgNCw&amp;width=640&amp;height=480';\r\n            if(width < setwidth)\r\n            {\r\n                height = Math.floor(width * 0.75);\r\n                \/\/console.log(\"device width \"+width+\", set width \"+640+\", ratio \"+0.75+\", new height \"+ height);\r\n                var new_url = wpvl_paramReplace('width', link, width);\r\n                var new_url = wpvl_paramReplace('height', new_url, height);\r\n                $(\"a#69d82fe14cd4e\").attr('href', new_url);\r\n                \/\/console.log(new_url);\r\n            }\r\n        });\r\n    });\r\n    \/* ]]> *\/\r\n    <\/script>\n\n\n\n<p>Ce particulier souhaitait refaire enti\u00e8rement sa salle de douche, mais n&rsquo;arrivait pas \u00e0 se projeter. Gr\u00e2ce \u00e0 cette mod\u00e9lisation il a pu passer \u00e0 la r\u00e9alisation. Vous la trouverez en photo dans l&rsquo;onglet d\u00e9di\u00e9<\/p>\n<\/div><\/div>\n<\/div><\/div>\n\n\n\n<p><\/p>\n<\/div><\/div>\n\n\n\n<div class=\"wp-container-3 wp-block-group\"><div class=\"wp-block-group__inner-container\">\n<div class=\"wp-block-media-text alignwide has-media-on-the-right\" style=\"grid-template-columns:auto 24%\"><figure class=\"wp-block-media-text__media\"><img loading=\"lazy\" width=\"320\" height=\"240\" src=\"https:\/\/marielaurefabre.ovh\/wp-content\/uploads\/2019\/11\/proto1-e1573638204465.jpg\" alt=\"\" class=\"wp-image-36\" srcset=\"https:\/\/marielaurefabre.ovh\/wp-content\/uploads\/2019\/11\/proto1-e1573638204465.jpg 320w, https:\/\/marielaurefabre.ovh\/wp-content\/uploads\/2019\/11\/proto1-e1573638204465-300x225.jpg 300w\" sizes=\"(max-width: 320px) 100vw, 320px\" \/><\/figure><div class=\"wp-block-media-text__content\"><a id=\"69d82fe14cd93\" rel=\"wp-video-lightbox\" href=\"https:\/\/www.youtube.com\/watch?v=Z8LHpHpNpi0&#038;width=640&#038;height=480\" title=\"\"><div class=\"wpvl_auto_thumb_box_wrapper\"><div class=\"wpvl_auto_thumb_box\"><img src=\"https:\/\/img.youtube.com\/vi\/Z8LHpHpNpi0\/0.jpg\" class=\"video_lightbox_auto_anchor_image\" alt=\"\" \/><div class=\"wpvl_auto_thumb_play\"><img src=\"https:\/\/marielaurefabre.ovh\/wp-content\/plugins\/wp-video-lightbox\/images\/play.png\" class=\"wpvl_playbutton\" \/><\/div><\/div><\/div><\/a>    <script>\r\n    \/* <![CDATA[ *\/\r\n    jQuery(document).ready(function($){\r\n        $(function(){\r\n            var width = $(window).innerWidth();\r\n            var setwidth = parseFloat(640);\r\n            var ratio = parseFloat(0.75);\r\n            var height = parseFloat(480);\r\n            var link = 'https:\/\/www.youtube.com\/watch?v=Z8LHpHpNpi0&amp;width=640&amp;height=480';\r\n            if(width < setwidth)\r\n            {\r\n                height = Math.floor(width * 0.75);\r\n                \/\/console.log(\"device width \"+width+\", set width \"+640+\", ratio \"+0.75+\", new height \"+ height);\r\n                var new_url = wpvl_paramReplace('width', link, width);\r\n                var new_url = wpvl_paramReplace('height', new_url, height);\r\n                $(\"a#69d82fe14cd93\").attr('href', new_url);\r\n                \/\/console.log(new_url);\r\n            }\r\n        });\r\n    });\r\n    \/* ]]> *\/\r\n    <\/script>\n\n\n\n<p>Voici une unit\u00e9 de production mod\u00e9lis\u00e9e enti\u00e8rement. Les mat\u00e9riels existent, ont \u00e9t\u00e9 pes\u00e9s, sont aux c\u00f4tes et ont \u00e9t\u00e9 chiffr\u00e9s&#8230; Des heures de travail, mais quel bonheur dans le r\u00e9sultat !<\/p>\n<\/div><\/div>\n<\/div><\/div>\n\n\n\n<div class=\"wp-container-4 wp-block-group\"><div class=\"wp-block-group__inner-container\">\n<div class=\"wp-block-media-text alignwide has-media-on-the-right\" style=\"grid-template-columns:auto 24%\"><figure class=\"wp-block-media-text__media\"><img loading=\"lazy\" width=\"320\" height=\"240\" src=\"https:\/\/marielaurefabre.ovh\/wp-content\/uploads\/2019\/11\/proto-3-e1573638214692.jpg\" alt=\"\" class=\"wp-image-35\" srcset=\"https:\/\/marielaurefabre.ovh\/wp-content\/uploads\/2019\/11\/proto-3-e1573638214692.jpg 320w, https:\/\/marielaurefabre.ovh\/wp-content\/uploads\/2019\/11\/proto-3-e1573638214692-300x225.jpg 300w\" sizes=\"(max-width: 320px) 100vw, 320px\" \/><\/figure><div class=\"wp-block-media-text__content\"><a id=\"69d82fe14cdb2\" rel=\"wp-video-lightbox\" href=\"https:\/\/www.youtube.com\/watch?v=P3zVXeaPYks&#038;width=640&#038;height=480\" title=\"\"><div class=\"wpvl_auto_thumb_box_wrapper\"><div class=\"wpvl_auto_thumb_box\"><img src=\"https:\/\/img.youtube.com\/vi\/P3zVXeaPYks\/0.jpg\" class=\"video_lightbox_auto_anchor_image\" alt=\"\" \/><div class=\"wpvl_auto_thumb_play\"><img src=\"https:\/\/marielaurefabre.ovh\/wp-content\/plugins\/wp-video-lightbox\/images\/play.png\" class=\"wpvl_playbutton\" \/><\/div><\/div><\/div><\/a>    <script>\r\n    \/* <![CDATA[ *\/\r\n    jQuery(document).ready(function($){\r\n        $(function(){\r\n            var width = $(window).innerWidth();\r\n            var setwidth = parseFloat(640);\r\n            var ratio = parseFloat(0.75);\r\n            var height = parseFloat(480);\r\n            var link = 'https:\/\/www.youtube.com\/watch?v=P3zVXeaPYks&amp;width=640&amp;height=480';\r\n            if(width < setwidth)\r\n            {\r\n                height = Math.floor(width * 0.75);\r\n                \/\/console.log(\"device width \"+width+\", set width \"+640+\", ratio \"+0.75+\", new height \"+ height);\r\n                var new_url = wpvl_paramReplace('width', link, width);\r\n                var new_url = wpvl_paramReplace('height', new_url, height);\r\n                $(\"a#69d82fe14cdb2\").attr('href', new_url);\r\n                \/\/console.log(new_url);\r\n            }\r\n        });\r\n    });\r\n    \/* ]]> *\/\r\n    <\/script>\n\n\n\n<p>Comme j&rsquo;aime le travail bien fini, et apr\u00e8s avoir r\u00e9alis\u00e9 un prototype, forc\u00e9ment j&rsquo;ai eu envie de le positionner sur une plateforme d&rsquo;h\u00e9bergement. Afin de minimiser les charges fixes, et plus particuli\u00e8rement les flux d&rsquo;\u00e9nergie, j&rsquo;ai coupl\u00e9 cette plateforme \u00e0 une usine d&rsquo;\u00e9nergie solaire.<\/p>\n<\/div><\/div>\n<\/div><\/div>\n\n\n\n<div class=\"wp-container-9 wp-block-group alignwide\"><div class=\"wp-block-group__inner-container\">\n<div class=\"wp-block-media-text alignwide has-media-on-the-right\" style=\"grid-template-columns:auto 25%\"><figure class=\"wp-block-media-text__media\"><img loading=\"lazy\" width=\"1024\" height=\"594\" src=\"https:\/\/marielaurefabre.ovh\/wp-content\/uploads\/2019\/11\/ceinture-confort2-1024x594.png\" alt=\"\" class=\"wp-image-22\" srcset=\"https:\/\/marielaurefabre.ovh\/wp-content\/uploads\/2019\/11\/ceinture-confort2-1024x594.png 1024w, https:\/\/marielaurefabre.ovh\/wp-content\/uploads\/2019\/11\/ceinture-confort2-300x174.png 300w, https:\/\/marielaurefabre.ovh\/wp-content\/uploads\/2019\/11\/ceinture-confort2-768x446.png 768w, https:\/\/marielaurefabre.ovh\/wp-content\/uploads\/2019\/11\/ceinture-confort2.png 1291w\" sizes=\"(max-width: 1024px) 100vw, 1024px\" \/><\/figure><div class=\"wp-block-media-text__content\">\n<p><\/p>\n\n\n\n<div class=\"wp-container-8 wp-block-group\"><div class=\"wp-block-group__inner-container\">\n<div class=\"wp-container-7 wp-block-group\"><div class=\"wp-block-group__inner-container\">\n<div class=\"wp-container-6 wp-block-group\"><div class=\"wp-block-group__inner-container\">\n<div class=\"wp-container-5 wp-block-group\"><div class=\"wp-block-group__inner-container\"><a id=\"69d82fe14cdc8\" rel=\"wp-video-lightbox\" href=\"https:\/\/www.youtube.com\/watch?v=2V4SjvoNdYc&#038;width=640&#038;height=480\" title=\"\"><div class=\"wpvl_auto_thumb_box_wrapper\"><div class=\"wpvl_auto_thumb_box\"><img src=\"https:\/\/img.youtube.com\/vi\/2V4SjvoNdYc\/0.jpg\" class=\"video_lightbox_auto_anchor_image\" alt=\"\" \/><div class=\"wpvl_auto_thumb_play\"><img src=\"https:\/\/marielaurefabre.ovh\/wp-content\/plugins\/wp-video-lightbox\/images\/play.png\" class=\"wpvl_playbutton\" \/><\/div><\/div><\/div><\/a>    <script>\r\n    \/* <![CDATA[ *\/\r\n    jQuery(document).ready(function($){\r\n        $(function(){\r\n            var width = $(window).innerWidth();\r\n            var setwidth = parseFloat(640);\r\n            var ratio = parseFloat(0.75);\r\n            var height = parseFloat(480);\r\n            var link = 'https:\/\/www.youtube.com\/watch?v=2V4SjvoNdYc&amp;width=640&amp;height=480';\r\n            if(width < setwidth)\r\n            {\r\n                height = Math.floor(width * 0.75);\r\n                \/\/console.log(\"device width \"+width+\", set width \"+640+\", ratio \"+0.75+\", new height \"+ height);\r\n                var new_url = wpvl_paramReplace('width', link, width);\r\n                var new_url = wpvl_paramReplace('height', new_url, height);\r\n                $(\"a#69d82fe14cdc8\").attr('href', new_url);\r\n                \/\/console.log(new_url);\r\n            }\r\n        });\r\n    });\r\n    \/* ]]> *\/\r\n    <\/script>\n<\/div><\/div>\n<\/div><\/div>\n<\/div><\/div>\n<\/div><\/div>\n\n\n\n<p>Imaginez que vous participiez \u00e0 un concours o\u00f9 le brief indique clairement qu&rsquo;il faut inventer un nouveau concept de dessous f\u00e9minin&#8230; Qui en plus \u00ab\u00a0fait du bien\u00a0\u00bb et &#8230; Rend belle ! Voici une ceinture de confort !<\/p>\n<\/div><\/div>\n<\/div><\/div>\n\n\n\n<div class=\"wp-container-13 wp-block-group alignwide\"><div class=\"wp-block-group__inner-container\">\n<div class=\"wp-container-12 wp-block-group\"><div class=\"wp-block-group__inner-container\">\n<div class=\"wp-block-media-text alignwide has-media-on-the-right\" style=\"grid-template-columns:auto 15%\"><figure class=\"wp-block-media-text__media\"><img loading=\"lazy\" width=\"480\" height=\"640\" src=\"https:\/\/marielaurefabre.ovh\/wp-content\/uploads\/2019\/11\/IMG_2445-e1573638076825.jpg\" alt=\"\" class=\"wp-image-23\" srcset=\"https:\/\/marielaurefabre.ovh\/wp-content\/uploads\/2019\/11\/IMG_2445-e1573638076825.jpg 480w, https:\/\/marielaurefabre.ovh\/wp-content\/uploads\/2019\/11\/IMG_2445-e1573638076825-225x300.jpg 225w\" sizes=\"(max-width: 480px) 100vw, 480px\" \/><\/figure><div class=\"wp-block-media-text__content\">\n<div class=\"wp-container-11 wp-block-group\"><div class=\"wp-block-group__inner-container\">\n<div class=\"wp-container-10 wp-block-group\"><div class=\"wp-block-group__inner-container\"><a id=\"69d82fe14cdde\" rel=\"wp-video-lightbox\" href=\"https:\/\/www.youtube.com\/watch?v=yDubzvtKWkc&#038;width=640&#038;height=480\" title=\"\"><div class=\"wpvl_auto_thumb_box_wrapper\"><div class=\"wpvl_auto_thumb_box\"><img src=\"https:\/\/img.youtube.com\/vi\/yDubzvtKWkc\/0.jpg\" class=\"video_lightbox_auto_anchor_image\" alt=\"\" \/><div class=\"wpvl_auto_thumb_play\"><img src=\"https:\/\/marielaurefabre.ovh\/wp-content\/plugins\/wp-video-lightbox\/images\/play.png\" class=\"wpvl_playbutton\" \/><\/div><\/div><\/div><\/a>    <script>\r\n    \/* <![CDATA[ *\/\r\n    jQuery(document).ready(function($){\r\n        $(function(){\r\n            var width = $(window).innerWidth();\r\n            var setwidth = parseFloat(640);\r\n            var ratio = parseFloat(0.75);\r\n            var height = parseFloat(480);\r\n            var link = 'https:\/\/www.youtube.com\/watch?v=yDubzvtKWkc&amp;width=640&amp;height=480';\r\n            if(width < setwidth)\r\n            {\r\n                height = Math.floor(width * 0.75);\r\n                \/\/console.log(\"device width \"+width+\", set width \"+640+\", ratio \"+0.75+\", new height \"+ height);\r\n                var new_url = wpvl_paramReplace('width', link, width);\r\n                var new_url = wpvl_paramReplace('height', new_url, height);\r\n                $(\"a#69d82fe14cdde\").attr('href', new_url);\r\n                \/\/console.log(new_url);\r\n            }\r\n        });\r\n    });\r\n    \/* ]]> *\/\r\n    <\/script>\n<\/div><\/div>\n<\/div><\/div>\n\n\n\n<p>Dans la cat\u00e9gorie \u00ab\u00a0j&rsquo;imagine pour un concours de bouchon de parfum bio\u00a0\u00bb, celui-ci s&rsquo;inspire de la nature&#8230;<\/p>\n<\/div><\/div>\n<\/div><\/div>\n<\/div><\/div>\n\n\n\n<div class=\"wp-container-16 wp-block-group\"><div class=\"wp-block-group__inner-container\">\n<div class=\"wp-block-media-text alignwide has-media-on-the-right\" style=\"grid-template-columns:auto 16%\"><figure class=\"wp-block-media-text__media\"><img loading=\"lazy\" width=\"732\" height=\"575\" src=\"https:\/\/marielaurefabre.ovh\/wp-content\/uploads\/2019\/11\/bouchon-de-sable-1.png\" alt=\"\" class=\"wp-image-461\" srcset=\"https:\/\/marielaurefabre.ovh\/wp-content\/uploads\/2019\/11\/bouchon-de-sable-1.png 732w, https:\/\/marielaurefabre.ovh\/wp-content\/uploads\/2019\/11\/bouchon-de-sable-1-300x236.png 300w\" sizes=\"(max-width: 732px) 100vw, 732px\" \/><\/figure><div class=\"wp-block-media-text__content\">\n<div class=\"wp-container-15 wp-block-group\"><div class=\"wp-block-group__inner-container\">\n<div class=\"wp-container-14 wp-block-group\"><div class=\"wp-block-group__inner-container\"><a id=\"69d82fe14cdf2\" rel=\"wp-video-lightbox\" href=\"https:\/\/www.youtube.com\/watch?v=UKO41-8_oIw&#038;width=640&#038;height=480\" title=\"\"><div class=\"wpvl_auto_thumb_box_wrapper\"><div class=\"wpvl_auto_thumb_box\"><img src=\"https:\/\/img.youtube.com\/vi\/UKO41-8_oIw\/0.jpg\" class=\"video_lightbox_auto_anchor_image\" alt=\"\" \/><div class=\"wpvl_auto_thumb_play\"><img src=\"https:\/\/marielaurefabre.ovh\/wp-content\/plugins\/wp-video-lightbox\/images\/play.png\" class=\"wpvl_playbutton\" \/><\/div><\/div><\/div><\/a>    <script>\r\n    \/* <![CDATA[ *\/\r\n    jQuery(document).ready(function($){\r\n        $(function(){\r\n            var width = $(window).innerWidth();\r\n            var setwidth = parseFloat(640);\r\n            var ratio = parseFloat(0.75);\r\n            var height = parseFloat(480);\r\n            var link = 'https:\/\/www.youtube.com\/watch?v=UKO41-8_oIw&amp;width=640&amp;height=480';\r\n            if(width < setwidth)\r\n            {\r\n                height = Math.floor(width * 0.75);\r\n                \/\/console.log(\"device width \"+width+\", set width \"+640+\", ratio \"+0.75+\", new height \"+ height);\r\n                var new_url = wpvl_paramReplace('width', link, width);\r\n                var new_url = wpvl_paramReplace('height', new_url, height);\r\n                $(\"a#69d82fe14cdf2\").attr('href', new_url);\r\n                \/\/console.log(new_url);\r\n            }\r\n        });\r\n    });\r\n    \/* ]]> *\/\r\n    <\/script>\n\n\n\n<p class=\"has-normal-font-size\">Et le suivant qui s&rsquo;inspire des dunes&#8230;<\/p>\n<\/div><\/div>\n<\/div><\/div>\n<\/div><\/div>\n<\/div><\/div>\n\n\n\n<div class=\"wp-container-20 wp-block-group alignwide\"><div class=\"wp-block-group__inner-container\">\n<div class=\"wp-container-19 wp-block-group alignwide\"><div class=\"wp-block-group__inner-container\">\n<div class=\"wp-container-18 wp-block-group alignwide\"><div class=\"wp-block-group__inner-container\">\n<div class=\"wp-block-media-text alignwide has-media-on-the-right\" style=\"grid-template-columns:auto 19%\"><figure class=\"wp-block-media-text__media\"><img loading=\"lazy\" width=\"407\" height=\"411\" src=\"https:\/\/marielaurefabre.ovh\/wp-content\/uploads\/2019\/11\/cube-clic-ton-resto.png\" alt=\"\" class=\"wp-image-538\" srcset=\"https:\/\/marielaurefabre.ovh\/wp-content\/uploads\/2019\/11\/cube-clic-ton-resto.png 407w, https:\/\/marielaurefabre.ovh\/wp-content\/uploads\/2019\/11\/cube-clic-ton-resto-297x300.png 297w, https:\/\/marielaurefabre.ovh\/wp-content\/uploads\/2019\/11\/cube-clic-ton-resto-150x150.png 150w\" sizes=\"(max-width: 407px) 100vw, 407px\" \/><\/figure><div class=\"wp-block-media-text__content\">\n<div class=\"wp-container-17 wp-block-group\"><div class=\"wp-block-group__inner-container\"><a id=\"69d82fe14ce05\" rel=\"wp-video-lightbox\" href=\"https:\/\/www.youtube.com\/watch?v=IuJvtL2sqP4&#038;width=640&#038;height=480\" title=\"\"><div class=\"wpvl_auto_thumb_box_wrapper\"><div class=\"wpvl_auto_thumb_box\"><img src=\"https:\/\/img.youtube.com\/vi\/IuJvtL2sqP4\/0.jpg\" class=\"video_lightbox_auto_anchor_image\" alt=\"\" \/><div class=\"wpvl_auto_thumb_play\"><img src=\"https:\/\/marielaurefabre.ovh\/wp-content\/plugins\/wp-video-lightbox\/images\/play.png\" class=\"wpvl_playbutton\" \/><\/div><\/div><\/div><\/a>    <script>\r\n    \/* <![CDATA[ *\/\r\n    jQuery(document).ready(function($){\r\n        $(function(){\r\n            var width = $(window).innerWidth();\r\n            var setwidth = parseFloat(640);\r\n            var ratio = parseFloat(0.75);\r\n            var height = parseFloat(480);\r\n            var link = 'https:\/\/www.youtube.com\/watch?v=IuJvtL2sqP4&amp;width=640&amp;height=480';\r\n            if(width < setwidth)\r\n            {\r\n                height = Math.floor(width * 0.75);\r\n                \/\/console.log(\"device width \"+width+\", set width \"+640+\", ratio \"+0.75+\", new height \"+ height);\r\n                var new_url = wpvl_paramReplace('width', link, width);\r\n                var new_url = wpvl_paramReplace('height', new_url, height);\r\n                $(\"a#69d82fe14ce05\").attr('href', new_url);\r\n                \/\/console.log(new_url);\r\n            }\r\n        });\r\n    });\r\n    \/* ]]> *\/\r\n    <\/script>\n\n\n\n<p class=\"has-normal-font-size\">R\u00e9alisation d&rsquo;une vid\u00e9o de pr\u00e9sentation pour un projet<\/p>\n<\/div><\/div>\n<\/div><\/div>\n<\/div><\/div>\n<\/div><\/div>\n<\/div><\/div>\n\n\n\n<div class=\"wp-container-22 wp-block-group alignwide\"><div class=\"wp-block-group__inner-container\">\n<div class=\"wp-container-21 wp-block-group\"><div class=\"wp-block-group__inner-container\"><\/div><\/div>\n\n\n\n<div class=\"wp-block-media-text alignwide has-media-on-the-right\" style=\"grid-template-columns:auto 15%\"><figure class=\"wp-block-media-text__media\"><img loading=\"lazy\" width=\"1024\" height=\"683\" src=\"https:\/\/marielaurefabre.ovh\/wp-content\/uploads\/2020\/02\/old-letters-1082299_1920-1024x683.jpg\" alt=\"\" class=\"wp-image-628\" srcset=\"https:\/\/marielaurefabre.ovh\/wp-content\/uploads\/2020\/02\/old-letters-1082299_1920-1024x683.jpg 1024w, https:\/\/marielaurefabre.ovh\/wp-content\/uploads\/2020\/02\/old-letters-1082299_1920-300x200.jpg 300w, https:\/\/marielaurefabre.ovh\/wp-content\/uploads\/2020\/02\/old-letters-1082299_1920-768x512.jpg 768w, https:\/\/marielaurefabre.ovh\/wp-content\/uploads\/2020\/02\/old-letters-1082299_1920-1536x1025.jpg 1536w, https:\/\/marielaurefabre.ovh\/wp-content\/uploads\/2020\/02\/old-letters-1082299_1920-1619x1080.jpg 1619w, https:\/\/marielaurefabre.ovh\/wp-content\/uploads\/2020\/02\/old-letters-1082299_1920.jpg 1920w\" sizes=\"(max-width: 1024px) 100vw, 1024px\" \/><\/figure><div class=\"wp-block-media-text__content\">\n<p class=\"has-text-color has-medium-font-size has-very-dark-gray-color\"><a href=\"https:\/\/youchoose.shop\/\">https:\/\/youchoose.shop\/<\/a><\/p>\n\n\n\n<p>Cr\u00e9ation d&rsquo;une e-boutique personnelle pour mettre en pratique ce que j&rsquo;ai appris<\/p>\n<\/div><\/div>\n<\/div><\/div>\n","protected":false},"excerpt":{"rendered":"<p>Ce particulier souhaitait refaire enti\u00e8rement sa salle de douche, mais n&rsquo;arrivait pas \u00e0 se projeter. Gr\u00e2ce \u00e0 cette mod\u00e9lisation il a pu passer \u00e0 la r\u00e9alisation. Vous la trouverez en photo dans l&rsquo;onglet d\u00e9di\u00e9 Voici une unit\u00e9 de production mod\u00e9lis\u00e9e enti\u00e8rement. Les mat\u00e9riels existent, ont \u00e9t\u00e9 pes\u00e9s, sont aux c\u00f4tes et ont \u00e9t\u00e9 chiffr\u00e9s&#8230; Des&hellip; <br \/> <a class=\"button small blue\" href=\"https:\/\/marielaurefabre.ovh\/index.php\/portofolio\/\">Lire la suite<\/a><\/p>\n","protected":false},"author":1,"featured_media":0,"parent":0,"menu_order":1,"comment_status":"closed","ping_status":"closed","template":"","meta":[],"_links":{"self":[{"href":"https:\/\/marielaurefabre.ovh\/index.php\/wp-json\/wp\/v2\/pages\/60"}],"collection":[{"href":"https:\/\/marielaurefabre.ovh\/index.php\/wp-json\/wp\/v2\/pages"}],"about":[{"href":"https:\/\/marielaurefabre.ovh\/index.php\/wp-json\/wp\/v2\/types\/page"}],"author":[{"embeddable":true,"href":"https:\/\/marielaurefabre.ovh\/index.php\/wp-json\/wp\/v2\/users\/1"}],"replies":[{"embeddable":true,"href":"https:\/\/marielaurefabre.ovh\/index.php\/wp-json\/wp\/v2\/comments?post=60"}],"version-history":[{"count":63,"href":"https:\/\/marielaurefabre.ovh\/index.php\/wp-json\/wp\/v2\/pages\/60\/revisions"}],"predecessor-version":[{"id":630,"href":"https:\/\/marielaurefabre.ovh\/index.php\/wp-json\/wp\/v2\/pages\/60\/revisions\/630"}],"wp:attachment":[{"href":"https:\/\/marielaurefabre.ovh\/index.php\/wp-json\/wp\/v2\/media?parent=60"}],"curies":[{"name":"wp","href":"https:\/\/api.w.org\/{rel}","templated":true}]}}