{"id":146,"date":"2019-11-14T09:26:36","date_gmt":"2019-11-14T08:26:36","guid":{"rendered":"http:\/\/marielaurefabre.ovh\/index.php\/one-page-express\/"},"modified":"2020-06-13T15:40:33","modified_gmt":"2020-06-13T13:40:33","slug":"one-page-express","status":"publish","type":"page","link":"https:\/\/marielaurefabre.ovh\/","title":{"rendered":"Front Page"},"content":{"rendered":"<div  id=\"overlapable-2\" class=\"features-coloured-icon-boxes-section stripped-coloured-icon-boxes\" style=\"background-color: #ffffff;\" data-label=\"Overlapable\" data-id=\"stripped-coloured-icon-boxes\" data-category=\"overlapable\" data-overlap=\"true\">\n<div  class=\"gridContainer\">\n<div  class=\"features-coloured-icon-boxes-innerrow flexbox-list dark-text\" data-type=\"row\">\n<div  class=\"features-coloured-icon-boxes-featurecol cp3cols\">\n<div  class=\"features-coloured-icon-boxes-iconcontainer\" data-content-item-container=\"true\"><\/div>\n<h4  class=\"\">Comp\u00e9tences<\/h4>\n<p  class=\"\">Vous avez des besoins en entreprise :<\/p>\nValidez les comp\u00e9tences que je peux vous apporter.\n\n<a class=\"features-coloured-button\" href=\"https:\/\/marielaurefabre.ovh\/index.php\/competences\" target=\"_self\" rel=\"noopener noreferrer\">Voir les comp\u00e9tences<\/a>\n\n<\/div>\n<div  class=\"features-coloured-icon-boxes-featurecol cp3cols\">\n<div  class=\"features-coloured-icon-boxes-iconcontainer\" data-content-item-container=\"true\"><\/div>\n<h4  class=\"\">Formation<\/h4>\n<p  class=\"\">Vous trouverez, ici, les dipl\u00f4mes et certificats.<\/p>\n<a class=\"features-coloured-button\" href=\"https:\/\/marielaurefabre.ovh\/index.php\/formation\" target=\"_self\" rel=\"noopener noreferrer\">Voir les dipl\u00f4mes et certificats<\/a>\n\n<\/div>\n<div  class=\"features-coloured-icon-boxes-featurecol cp3cols\">\n<div  class=\"features-coloured-icon-boxes-iconcontainer\" data-content-item-container=\"true\"><\/div>\n<h4  class=\"\">Vid\u00e9os<\/h4>\n<p  class=\"\">Voir une photo ou visionner une vid\u00e9o de r\u00e9alisations fa\u00eetes sur du temps personnel.<\/p>\n<a class=\"features-coloured-button\" href=\"https:\/\/marielaurefabre.ovh\/index.php\/portofolio\" target=\"_self\" rel=\"noopener noreferrer\">Voir les photos et vid\u00e9os<\/a>\n\n<\/div>\n<div  class=\"features-coloured-icon-boxes-featurecol cp3cols\">\n<div  class=\"features-coloured-icon-boxes-iconcontainer\" data-content-item-container=\"true\"><\/div>\n<h4  class=\"\">Exp\u00e9riences Professionnelles<\/h4>\n<p  class=\"\">Un parcours riche, avec quelques secteurs de pr\u00e9dilection.<\/p>\n<a class=\"features-coloured-button\" href=\"https:\/\/marielaurefabre.ovh\/index.php\/experiences-professionnelles\" target=\"_self\" rel=\"noopener noreferrer\">Voir les Exp\u00e9riences<\/a>\n\n<\/div>\n<\/div>\n<\/div>\n<\/div><div  id=\"numbers\" class=\"numbers-section\" data-label=\"Numbers\" data-id=\"numbers-section\" data-category=\"numbers\" data-bg=\"transparent\" data-parallax-depth=\"20\">\n<div  class=\"gridContainer dynamic-color\">\n<div  class=\"numbers-itemcol\">\n<h2  class=\"numbers-numbertext\">23<\/h2>\n<h3  class=\"numbers-titletext\">PROJECTS<\/h3>\n<\/div>\n<div  class=\"numbers-itemcol\">\n<h2  class=\"numbers-numbertext\">75340<\/h2>\n<h3  class=\"numbers-titletext\">HEURES TRAVAILLEES<\/h3>\n<\/div>\n<div  class=\"numbers-itemcol-last\">\n<h3  class=\"numbers-titletext\">AU SEIN DE 45<\/h3>\n<h3  class=\"numbers-titletext\">SOCIETES<\/h3>\n<\/div>\n<\/div>\n<\/div><div  id=\"portfolio-2\" class=\"portfolio-full-section\" style=\"background-color: #ffffff;\" data-label=\"Portfolio\" data-id=\"portfolio-full-section\" data-category=\"portfolio\">\n<div  class=\"portfolio-full-section gridContainer\" data-type=\"row\">\n<div  class=\"portfolio-full-projectco cp4cols cp4cols-tablet\">\n<div  id=\"ContentSwap103\" class=\"contentswap-effect ContentSwap103\">\n<div  class=\"ContentSwap103_content initial-image\"><img  class=\"portfolio-full-projectimg\" src=\"https:\/\/marielaurefabre.ovh\/wp-content\/uploads\/2019\/11\/cropped-Sdb-0-2.jpg\" data-size=\"1200x800\"><\/div>\n<div  class=\"overlay\" style=\"display: block; opacity: 1;\"><\/div>\n<div  class=\"swap-inner\" style=\"opacity: 1; display: block;\">\n<div  class=\"ContentSwap103-center\">\n<h4  class=\"protfolio-full-itemtitle\">Projet de cr\u00e9ation d\u2019une salle de douche<\/h4>\n<a class=\"button yellow\" href=\"https:\/\/marielaurefabre.ovh\/index.php\/portofolio\" target=\"_self\" rel=\"noopener noreferrer\">En savoir plus<\/a>\n\n<\/div>\n<\/div>\n<\/div>\n<\/div>\n<div  class=\"portfolio-full-projectco cp4cols cp4cols-tablet\">\n<div  id=\"ContentSwap103\" class=\"contentswap-effect ContentSwap103\">\n<div  class=\"ContentSwap103_content initial-image\"><img  class=\"portfolio-full-projectimg aligncenter\" src=\"https:\/\/marielaurefabre.ovh\/wp-content\/uploads\/2019\/11\/cube-clic-ton-resto.png\" data-size=\"1200x800\"><\/div>\n<div  class=\"overlay\" style=\"display: block; opacity: 1;\"><\/div>\n<div  class=\"swap-inner\" style=\"opacity: 1; display: block;\">\n<div  class=\"ContentSwap103-center\">\n<h4  class=\"protfolio-full-itemtitle\">Cr\u00e9ation d\u2019un prototype<\/h4>\n<a class=\"button yellow\" href=\"https:\/\/marielaurefabre.ovh\/index.php\/portofolio\" target=\"_self\" rel=\"noopener noreferrer\">En savoir plus<\/a>\n\n<\/div>\n<\/div>\n<\/div>\n<\/div>\n<div  class=\"portfolio-full-projectco cp4cols cp4cols-tablet\">\n<div  id=\"ContentSwap103\" class=\"contentswap-effect ContentSwap103\">\n<div  class=\"ContentSwap103_content initial-image\"><img  class=\"portfolio-full-projectimg\" src=\"https:\/\/marielaurefabre.ovh\/wp-content\/uploads\/2019\/11\/cropped-bouchon-de-sable-3.png\" data-size=\"1200x800\"><\/div>\n<div  class=\"overlay\" style=\"display: block; opacity: 1;\"><\/div>\n<div  class=\"swap-inner\" style=\"opacity: 1; display: block;\">\n<div  class=\"ContentSwap103-center\">\n<h4  class=\"protfolio-full-itemtitle\">Concours \u201cbouchons de parfum bio\u201d<\/h4>\n<a class=\"button yellow\" href=\"https:\/\/marielaurefabre.ovh\/index.php\/portofolio\" target=\"_self\" rel=\"noopener noreferrer\">EN SAVOIR PLUS<\/a>\n\n<\/div>\n<\/div>\n<\/div>\n<\/div>\n<\/div>\n<\/div><div  id=\"contact-4\" class=\"contact-section-formsection white-text\" data-label=\"Contact\" data-id=\"contact-section\" data-category=\"contact\" data-bg=\"transparent\">\n<div  class=\"gridContainer\">\n<div  class=\"row_224\">\n<div  class=\"contact-textrow\">\n<div  class=\"contact-textcol dynamic-color\">\n<h2  class=\"\">Contactez-moi<\/h2>\n<p  class=\"white_text\"><\/p>\n\n<\/div>\n<\/div>\n<\/div>\n<div  class=\"contact-formcol\" data-content-shortcode=\"one_page_express_contact_form shortcode=&quot;contact-form-7 id=&amp;amp;quot;197&amp;amp;quot; title=&amp;amp;quot;ME CONTACTER&amp;amp;quot;&quot;\" data-editable=\"true\"><div role=\"form\" class=\"wpcf7\" id=\"wpcf7-f197-o1\" lang=\"fr-FR\" dir=\"ltr\">\n<div class=\"screen-reader-response\"><p role=\"status\" aria-live=\"polite\" aria-atomic=\"true\"><\/p> <ul><\/ul><\/div>\n<form action=\"\/index.php\/wp-json\/wp\/v2\/pages\/146#wpcf7-f197-o1\" method=\"post\" class=\"wpcf7-form init\" novalidate=\"novalidate\" data-status=\"init\">\n<div style=\"display: none;\">\n<input type=\"hidden\" name=\"_wpcf7\" value=\"197\" \/>\n<input type=\"hidden\" name=\"_wpcf7_version\" value=\"5.6.3\" \/>\n<input type=\"hidden\" name=\"_wpcf7_locale\" value=\"fr_FR\" \/>\n<input type=\"hidden\" name=\"_wpcf7_unit_tag\" value=\"wpcf7-f197-o1\" \/>\n<input type=\"hidden\" name=\"_wpcf7_container_post\" value=\"0\" \/>\n<input type=\"hidden\" name=\"_wpcf7_posted_data_hash\" value=\"\" \/>\n<\/div>\n<p><label> Votre nom (obligatoire)<br \/>\n    <span class=\"wpcf7-form-control-wrap\" data-name=\"your-name\"><input type=\"text\" name=\"your-name\" value=\"\" size=\"40\" class=\"wpcf7-form-control wpcf7-text wpcf7-validates-as-required\" aria-required=\"true\" aria-invalid=\"false\" \/><\/span> <\/label><\/p>\n<p><label> Votre adresse de messagerie (obligatoire)<br \/>\n    <span class=\"wpcf7-form-control-wrap\" data-name=\"your-email\"><input type=\"email\" name=\"your-email\" value=\"\" size=\"40\" class=\"wpcf7-form-control wpcf7-text wpcf7-email wpcf7-validates-as-required wpcf7-validates-as-email\" aria-required=\"true\" aria-invalid=\"false\" \/><\/span> <\/label><\/p>\n<p><label> Objet<br \/>\n    <span class=\"wpcf7-form-control-wrap\" data-name=\"your-subject\"><input type=\"text\" name=\"your-subject\" value=\"\" size=\"40\" class=\"wpcf7-form-control wpcf7-text\" aria-invalid=\"false\" \/><\/span> <\/label><\/p>\n<p><label> Votre message<br \/>\n    <span class=\"wpcf7-form-control-wrap\" data-name=\"your-message\"><textarea name=\"your-message\" cols=\"40\" rows=\"10\" class=\"wpcf7-form-control wpcf7-textarea\" aria-invalid=\"false\"><\/textarea><\/span> <\/label><br \/>\n<span class=\"wpcf7-form-control-wrap\" data-name=\"quiz-211\"><label><span class=\"wpcf7-quiz-label\">1+1=?<\/span> <input type=\"text\" name=\"quiz-211\" size=\"40\" class=\"wpcf7-form-control wpcf7-quiz\" autocomplete=\"off\" aria-required=\"true\" aria-invalid=\"false\" \/><\/label><input type=\"hidden\" name=\"_wpcf7_quiz_answer_quiz-211\" value=\"27d2fba7a05c5757e2fe85040b3d4307\" \/><\/span><br \/>\n<input type=\"submit\" value=\"Envoyer\" class=\"wpcf7-form-control has-spinner wpcf7-submit\" \/><\/p>\n<p style=\"display: none !important;\" class=\"akismet-fields-container\" data-prefix=\"_wpcf7_ak_\"><label>&#916;<textarea name=\"_wpcf7_ak_hp_textarea\" cols=\"45\" rows=\"8\" maxlength=\"100\"><\/textarea><\/label><input type=\"hidden\" id=\"ak_js_1\" name=\"_wpcf7_ak_js\" value=\"226\"\/><script>document.getElementById( \"ak_js_1\" ).setAttribute( \"value\", ( new Date() ).getTime() );<\/script><\/p><div class=\"wpcf7-response-output\" aria-hidden=\"true\"><\/div><\/form><\/div><\/div>\n<\/div>\n<\/div>","protected":false},"excerpt":{"rendered":"<p>Comp\u00e9tences Vous avez des besoins en entreprise : Validez les comp\u00e9tences que je peux vous apporter. Voir les comp\u00e9tences Formation Vous trouverez, ici, les dipl\u00f4mes et certificats. Voir les dipl\u00f4mes et certificats Vid\u00e9os Voir une photo ou visionner une vid\u00e9o de r\u00e9alisations fa\u00eetes sur du temps personnel. Voir les photos et vid\u00e9os Exp\u00e9riences Professionnelles Un&hellip; <br \/> <a class=\"button small blue\" href=\"https:\/\/marielaurefabre.ovh\/index.php\/2019\/11\/13\/videos\/\">Lire la suite<\/a><\/p>\n","protected":false},"author":1,"featured_media":0,"parent":0,"menu_order":0,"comment_status":"closed","ping_status":"closed","template":"page-templates\/homepage.php","meta":[],"_links":{"self":[{"href":"https:\/\/marielaurefabre.ovh\/index.php\/wp-json\/wp\/v2\/pages\/146"}],"collection":[{"href":"https:\/\/marielaurefabre.ovh\/index.php\/wp-json\/wp\/v2\/pages"}],"about":[{"href":"https:\/\/marielaurefabre.ovh\/index.php\/wp-json\/wp\/v2\/types\/page"}],"author":[{"embeddable":true,"href":"https:\/\/marielaurefabre.ovh\/index.php\/wp-json\/wp\/v2\/users\/1"}],"replies":[{"embeddable":true,"href":"https:\/\/marielaurefabre.ovh\/index.php\/wp-json\/wp\/v2\/comments?post=146"}],"version-history":[{"count":80,"href":"https:\/\/marielaurefabre.ovh\/index.php\/wp-json\/wp\/v2\/pages\/146\/revisions"}],"predecessor-version":[{"id":637,"href":"https:\/\/marielaurefabre.ovh\/index.php\/wp-json\/wp\/v2\/pages\/146\/revisions\/637"}],"wp:attachment":[{"href":"https:\/\/marielaurefabre.ovh\/index.php\/wp-json\/wp\/v2\/media?parent=146"}],"curies":[{"name":"wp","href":"https:\/\/api.w.org\/{rel}","templated":true}]}}